{"id":2912,"date":"2020-12-18T13:13:09","date_gmt":"2020-12-18T12:13:09","guid":{"rendered":"https:\/\/xavierderichemont.com\/?page_id=2912"},"modified":"2021-02-11T08:52:58","modified_gmt":"2021-02-11T07:52:58","slug":"prints","status":"publish","type":"page","link":"https:\/\/xavierderichemont.com\/en\/prints\/","title":{"rendered":"Prints"},"content":{"rendered":"<p>[vc_row][vc_column][vc_custom_heading text=&#8221;Impressions originales de &#8220;San Antonio &#8211; The SAGA&#8220; sign\u00e9es et num\u00e9rot\u00e9es de la main de l&#8217;artiste. Editions limit\u00e9es \u00e0 5 exemplaires num\u00e9rot\u00e9s de 1 \u00e0 5.&#8221; font_container=&#8221;tag:p|font_size:17|text_align:center|color:%230a0a0a&#8221; use_theme_fonts=&#8221;yes&#8221;][vc_custom_heading text=&#8221;Chaque &#8220;Print&#8220; peut \u00eatre command\u00e9 en deux formats : en s\u00e9rie de 5 poses (1100x300mm) ou bien une image isol\u00e9e extraite d&#8217;une serie de 5 (300x300mm).<br \/>\nImpression encres HQ sur papier Canson 350gr. Pour un achat imm\u00e9diat voir la liste des prints disponibles. Prix sur demande.&#8221; font_container=&#8221;tag:p|font_size:14|text_align:center|color:%230a0a0a&#8221; use_theme_fonts=&#8221;yes&#8221;][vc_separator el_width=&#8221;40&#8243;][vc_custom_heading text=&#8221;Original prints of &#8220;San Antonio &#8211; The SAGA&#8220; hand signed and numbered by artist. Limited editions of 5 prints numbered 1 to 5.&#8221; font_container=&#8221;tag:p|font_size:17|text_align:center|color:%235b5b5b&#8221; use_theme_fonts=&#8221;yes&#8221;][vc_custom_heading text=&#8221;Prints can be ordered in two sizes : in series of 5 pictures (dimensions 43&#8220;x12&#8220;) or one picture chosen among each serie of 5 (dimensions 12&#8220;x12&#8220;).<br \/>\nPrinted with HQ inks on Canson paper 350gr. Printing delay + shipping 4 weeks. For immediate purchase check &#8220;available prints&#8220; section. Price on demand.&#8221; font_container=&#8221;tag:p|font_size:14|text_align:center|color:%235b5b5b&#8221; use_theme_fonts=&#8221;yes&#8221;][vc_empty_space height=&#8221;15&#8243;][\/vc_column][\/vc_row][vc_row][vc_column width=&#8221;1\/2&#8243;][vc_btn title=&#8221;Voir le catalogue complet des prints \/ See the prints full collection&#8221; style=&#8221;flat&#8221; shape=&#8221;square&#8221; color=&#8221;sky&#8221; align=&#8221;center&#8221; button_block=&#8221;true&#8221; link=&#8221;url:https%3A%2F%2Fxavierderichemont.com%2Fcatalogue-complet-des-prints%2F|||&#8221;][\/vc_column][vc_column width=&#8221;1\/2&#8243;][vc_btn title=&#8221;Voir les prints imm\u00e9diatement disponibles \/ See already available prints&#8221; style=&#8221;flat&#8221; shape=&#8221;square&#8221; color=&#8221;sky&#8221; align=&#8221;center&#8221; button_block=&#8221;true&#8221; link=&#8221;url:https%3A%2F%2Fxavierderichemont.com%2Fprints-immediatement-disponibles%2F|||&#8221;][\/vc_column][\/vc_row]<\/p>\n","protected":false},"excerpt":{"rendered":"<p>[vc_row][vc_column][vc_custom_heading text=&#8221;Impressions originales de &#8220;San Antonio &#8211; The SAGA&#8220; sign\u00e9es et num\u00e9rot\u00e9es de la main de l&#8217;artiste. Editions limit\u00e9es \u00e0 5 exemplaires num\u00e9rot\u00e9s de 1 \u00e0<span class=\"excerpt-hellip\"> [\u2026]<\/span><\/p>\n","protected":false},"author":1,"featured_media":0,"parent":0,"menu_order":2,"comment_status":"closed","ping_status":"closed","template":"","meta":{"_exactmetrics_skip_tracking":false,"_exactmetrics_sitenote_active":false,"_exactmetrics_sitenote_note":"","_exactmetrics_sitenote_category":0,"footnotes":""},"class_list":["post-2912","page","type-page","status-publish","hentry"],"translation":{"provider":"WPGlobus","version":"3.0.2","language":"en","enabled_languages":["fr","en","es"],"languages":{"fr":{"title":true,"content":true,"excerpt":false},"en":{"title":false,"content":false,"excerpt":false},"es":{"title":false,"content":false,"excerpt":false}}},"jetpack_shortlink":"https:\/\/wp.me\/PaE78Y-KY","jetpack_sharing_enabled":true,"_links":{"self":[{"href":"https:\/\/xavierderichemont.com\/en\/wp-json\/wp\/v2\/pages\/2912","targetHints":{"allow":["GET"]}}],"collection":[{"href":"https:\/\/xavierderichemont.com\/en\/wp-json\/wp\/v2\/pages"}],"about":[{"href":"https:\/\/xavierderichemont.com\/en\/wp-json\/wp\/v2\/types\/page"}],"author":[{"embeddable":true,"href":"https:\/\/xavierderichemont.com\/en\/wp-json\/wp\/v2\/users\/1"}],"replies":[{"embeddable":true,"href":"https:\/\/xavierderichemont.com\/en\/wp-json\/wp\/v2\/comments?post=2912"}],"version-history":[{"count":17,"href":"https:\/\/xavierderichemont.com\/en\/wp-json\/wp\/v2\/pages\/2912\/revisions"}],"predecessor-version":[{"id":2915,"href":"https:\/\/xavierderichemont.com\/en\/wp-json\/wp\/v2\/pages\/2912\/revisions\/2915"}],"wp:attachment":[{"href":"https:\/\/xavierderichemont.com\/en\/wp-json\/wp\/v2\/media?parent=2912"}],"curies":[{"name":"wp","href":"https:\/\/api.w.org\/{rel}","templated":true}]}}