{"id":2923,"date":"2020-12-18T20:43:34","date_gmt":"2020-12-18T19:43:34","guid":{"rendered":"https:\/\/xavierderichemont.com\/?page_id=2923"},"modified":"2020-12-18T21:56:49","modified_gmt":"2020-12-18T20:56:49","slug":"prints-immediatement-disponibles","status":"publish","type":"page","link":"https:\/\/xavierderichemont.com\/es\/prints-immediatement-disponibles\/","title":{"rendered":"Prints imm\u00e9diatement disponibles"},"content":{"rendered":"<p>[vc_row][vc_column][vc_custom_heading text=&#8221;Chaque &#8220;Print&#8220; peut \u00eatre command\u00e9 en deux formats : en s\u00e9rie de 5 poses (1100x300mm) ou bien une image isol\u00e9e extraite d&#8217;une s\u00e9rie de 5 (300x300mm).<br \/>\nImpression encres HQ sur papier Canson 350gr. Envoi sous 4 jours ouvr\u00e9s. Prix sur demande.&#8221; font_container=&#8221;tag:p|font_size:16|text_align:center|color:%230a0a0a&#8221; use_theme_fonts=&#8221;yes&#8221;][vc_custom_heading text=&#8221;Immediately available prints.<br \/>\nPrints can be ordered in two sizes : in series of 5 pictures (dimensions 43&#8220;x12&#8220;) or one picture chosen among each serie of 5 (dimensions 12&#8220;x12&#8220;).<br \/>\nPrinted with HQ inks on Canson paper 350gr. Shipping delay 4 days. Price on demand.&#8221; font_container=&#8221;tag:p|font_size:14|text_align:center|color:%235b5b5b&#8221; use_theme_fonts=&#8221;yes&#8221;][vc_empty_space height=&#8221;15&#8243;][vc_custom_heading text=&#8221;San Antonio &#8211; The Saga&#8221; font_container=&#8221;tag:h2|text_align:center|color:%237f7f7f&#8221; google_fonts=&#8221;font_family:Roboto%3A100%2C100italic%2C300%2C300italic%2Cregular%2Citalic%2C500%2C500italic%2C700%2C700italic%2C900%2C900italic|font_style:400%20regular%3A400%3Anormal&#8221;][vc_custom_heading text=&#8221;S\u00e9ries de 5 &#8211; Series of 5&#8243; font_container=&#8221;tag:h5|font_size:14|text_align:center|color:%235b5b5b&#8221; use_theme_fonts=&#8221;yes&#8221;][vc_single_image image=&#8221;2931&#8243; img_size=&#8221;full&#8221; add_caption=&#8221;yes&#8221; alignment=&#8221;center&#8221; style=&#8221;vc_box_shadow_border&#8221; onclick=&#8221;link_image&#8221;][vc_single_image image=&#8221;2932&#8243; img_size=&#8221;full&#8221; add_caption=&#8221;yes&#8221; alignment=&#8221;center&#8221; style=&#8221;vc_box_shadow_border&#8221; onclick=&#8221;link_image&#8221;][vc_single_image image=&#8221;2933&#8243; img_size=&#8221;full&#8221; add_caption=&#8221;yes&#8221; alignment=&#8221;center&#8221; style=&#8221;vc_box_shadow_border&#8221; onclick=&#8221;link_image&#8221;][vc_single_image image=&#8221;2934&#8243; img_size=&#8221;full&#8221; add_caption=&#8221;yes&#8221; alignment=&#8221;center&#8221; style=&#8221;vc_box_shadow_border&#8221; onclick=&#8221;link_image&#8221;][vc_single_image image=&#8221;2935&#8243; img_size=&#8221;full&#8221; add_caption=&#8221;yes&#8221; alignment=&#8221;center&#8221; style=&#8221;vc_box_shadow_border&#8221; onclick=&#8221;link_image&#8221;][vc_single_image image=&#8221;2936&#8243; img_size=&#8221;full&#8221; add_caption=&#8221;yes&#8221; alignment=&#8221;center&#8221; style=&#8221;vc_box_shadow_border&#8221; onclick=&#8221;link_image&#8221;][vc_single_image image=&#8221;2937&#8243; img_size=&#8221;full&#8221; add_caption=&#8221;yes&#8221; alignment=&#8221;center&#8221; style=&#8221;vc_box_shadow_border&#8221; onclick=&#8221;link_image&#8221;][vc_custom_heading text=&#8221;Format une image isol\u00e9e &#8211; One picture format&#8221; font_container=&#8221;tag:h5|font_size:14|text_align:center|color:%235b5b5b&#8221; use_theme_fonts=&#8221;yes&#8221;][vc_media_grid gap=&#8221;15&#8243; grid_id=&#8221;vc_gid:1608324250357-fbb6dcef-4117-7&#8243; include=&#8221;2938,2939,2940,2941,2942,2943,2944,2945,2946,2947,2948,2949,2950,2951,2952,2953,2954,2955,2956,2957,2958&#8243;][vc_btn title=&#8221;Voir le catalogue complet des prints \/ See the prints full collection&#8221; style=&#8221;flat&#8221; shape=&#8221;square&#8221; color=&#8221;sky&#8221; align=&#8221;center&#8221; link=&#8221;url:https%3A%2F%2Fxavierderichemont.com%2Fcatalogue-complet-des-prints%2F||target:%20_blank|&#8221;][\/vc_column][\/vc_row][vc_row][vc_column][vc_custom_heading text=&#8221;Pour commander, merci de nous contacter via le formulaire ci-dessous.&#8221; font_container=&#8221;tag:p|font_size:16|text_align:center|color:%230a0a0a&#8221; use_theme_fonts=&#8221;yes&#8221;][vc_custom_heading text=&#8221;To order, please use the following form :&#8221; font_container=&#8221;tag:p|font_size:14|text_align:center|color:%235b5b5b&#8221; use_theme_fonts=&#8221;yes&#8221;]\n<div class=\"wpcf7 no-js\" id=\"wpcf7-f6-o1\" lang=\"fr-FR\" dir=\"ltr\" data-wpcf7-id=\"6\">\n<div class=\"screen-reader-response\"><p role=\"status\" aria-live=\"polite\" aria-atomic=\"true\"><\/p> <ul><\/ul><\/div>\n<form action=\"\/es\/wp-json\/wp\/v2\/pages\/2923#wpcf7-f6-o1\" method=\"post\" class=\"wpcf7-form init\" aria-label=\"Contact form\" novalidate=\"novalidate\" data-status=\"init\">\n<fieldset class=\"hidden-fields-container\"><input type=\"hidden\" name=\"_wpcf7\" value=\"6\" \/><input type=\"hidden\" name=\"_wpcf7_version\" value=\"6.1.5\" \/><input type=\"hidden\" name=\"_wpcf7_locale\" value=\"fr_FR\" \/><input type=\"hidden\" name=\"_wpcf7_unit_tag\" value=\"wpcf7-f6-o1\" \/><input type=\"hidden\" name=\"_wpcf7_container_post\" value=\"0\" \/><input type=\"hidden\" name=\"_wpcf7_posted_data_hash\" value=\"\" \/><input type=\"hidden\" name=\"_wpcf7_recaptcha_response\" value=\"\" \/>\n<\/fieldset>\n<p><label> Nom<br \/>\n<span class=\"wpcf7-form-control-wrap\" data-name=\"your-name\"><input size=\"40\" maxlength=\"400\" class=\"wpcf7-form-control wpcf7-text wpcf7-validates-as-required\" aria-required=\"true\" aria-invalid=\"false\" value=\"\" type=\"text\" name=\"your-name\" \/><\/span> <\/label>\n<\/p>\n<p><label> Email<br \/>\n<span class=\"wpcf7-form-control-wrap\" data-name=\"your-email\"><input size=\"40\" maxlength=\"400\" class=\"wpcf7-form-control wpcf7-email wpcf7-validates-as-required wpcf7-text wpcf7-validates-as-email\" aria-required=\"true\" aria-invalid=\"false\" value=\"\" type=\"email\" name=\"your-email\" \/><\/span> <\/label>\n<\/p>\n<p><label> Sujet<br \/>\n<span class=\"wpcf7-form-control-wrap\" data-name=\"your-subject\"><input size=\"40\" maxlength=\"400\" class=\"wpcf7-form-control wpcf7-text wpcf7-validates-as-required\" aria-required=\"true\" aria-invalid=\"false\" value=\"\" type=\"text\" name=\"your-subject\" \/><\/span> <\/label>\n<\/p>\n<p><label> Message<br \/>\n<span class=\"wpcf7-form-control-wrap\" data-name=\"your-message\"><textarea cols=\"40\" rows=\"10\" maxlength=\"2000\" class=\"wpcf7-form-control wpcf7-textarea wpcf7-validates-as-required\" aria-required=\"true\" aria-invalid=\"false\" name=\"your-message\"><\/textarea><\/span> <\/label>\n<\/p>\n<p><span class=\"wpcf7-form-control-wrap\" data-name=\"acceptance-585\"><span class=\"wpcf7-form-control wpcf7-acceptance\"><span class=\"wpcf7-list-item\"><label><input type=\"checkbox\" name=\"acceptance-585\" value=\"1\" aria-invalid=\"false\" \/><span class=\"wpcf7-list-item-label\">En cochant cette case je reconnais avoir pris connaissance de la <a href=\"https:\/\/xavierderichemont.com\/politique-de-confidentialite\/\">politique de confidentialit\u00e9<\/a> de ce site internet.<\/span><\/label><\/span><\/span><\/span><br \/>\n<div id=\"cf7sr-69d856f8d0744\" class=\"cf7sr-g-recaptcha\" data-theme=\"light\" data-type=\"image\" data-size=\"normal\" data-sitekey=\"6LcfZjYpAAAAAJEcEyHVm0p6oKI8SWWv3IAJwYW8\"><\/div><span class=\"wpcf7-form-control-wrap cf7sr-recaptcha\" data-name=\"cf7sr-recaptcha\"><input type=\"hidden\" name=\"cf7sr-recaptcha\" value=\"\" class=\"wpcf7-form-control\"><\/span><br \/>\n<input class=\"wpcf7-form-control wpcf7-submit has-spinner\" type=\"submit\" value=\"Envoyer\" \/>\n<\/p><p style=\"display: none !important;\" class=\"akismet-fields-container\" data-prefix=\"_wpcf7_ak_\"><label>&#916;<textarea name=\"_wpcf7_ak_hp_textarea\" cols=\"45\" rows=\"8\" maxlength=\"100\"><\/textarea><\/label><input type=\"hidden\" id=\"ak_js_1\" name=\"_wpcf7_ak_js\" value=\"248\"\/><script>document.getElementById( \"ak_js_1\" ).setAttribute( \"value\", ( new Date() ).getTime() );<\/script><\/p><div class=\"wpcf7-response-output\" aria-hidden=\"true\"><\/div>\n<\/form>\n<\/div>\n[\/vc_column][\/vc_row]<\/p>\n","protected":false},"excerpt":{"rendered":"<p>[vc_row][vc_column][vc_custom_heading text=&#8221;Chaque &#8220;Print&#8220; peut \u00eatre command\u00e9 en deux formats : en s\u00e9rie de 5 poses (1100x300mm) ou bien une image isol\u00e9e extraite d&#8217;une s\u00e9rie de 5<span class=\"excerpt-hellip\"> [\u2026]<\/span><\/p>\n","protected":false},"author":1,"featured_media":0,"parent":0,"menu_order":2,"comment_status":"closed","ping_status":"closed","template":"","meta":{"_exactmetrics_skip_tracking":false,"_exactmetrics_sitenote_active":false,"_exactmetrics_sitenote_note":"","_exactmetrics_sitenote_category":0,"footnotes":""},"class_list":["post-2923","page","type-page","status-publish","hentry"],"translation":{"provider":"WPGlobus","version":"3.0.2","language":"es","enabled_languages":["fr","en","es"],"languages":{"fr":{"title":true,"content":true,"excerpt":false},"en":{"title":false,"content":false,"excerpt":false},"es":{"title":false,"content":false,"excerpt":false}}},"jetpack_shortlink":"https:\/\/wp.me\/PaE78Y-L9","jetpack_sharing_enabled":true,"_links":{"self":[{"href":"https:\/\/xavierderichemont.com\/es\/wp-json\/wp\/v2\/pages\/2923","targetHints":{"allow":["GET"]}}],"collection":[{"href":"https:\/\/xavierderichemont.com\/es\/wp-json\/wp\/v2\/pages"}],"about":[{"href":"https:\/\/xavierderichemont.com\/es\/wp-json\/wp\/v2\/types\/page"}],"author":[{"embeddable":true,"href":"https:\/\/xavierderichemont.com\/es\/wp-json\/wp\/v2\/users\/1"}],"replies":[{"embeddable":true,"href":"https:\/\/xavierderichemont.com\/es\/wp-json\/wp\/v2\/comments?post=2923"}],"version-history":[{"count":16,"href":"https:\/\/xavierderichemont.com\/es\/wp-json\/wp\/v2\/pages\/2923\/revisions"}],"predecessor-version":[{"id":2966,"href":"https:\/\/xavierderichemont.com\/es\/wp-json\/wp\/v2\/pages\/2923\/revisions\/2966"}],"wp:attachment":[{"href":"https:\/\/xavierderichemont.com\/es\/wp-json\/wp\/v2\/media?parent=2923"}],"curies":[{"name":"wp","href":"https:\/\/api.w.org\/{rel}","templated":true}]}}