{"id":8,"date":"2018-10-11T11:31:24","date_gmt":"2018-10-11T09:31:24","guid":{"rendered":"http:\/\/xavierderichemont.com\/?page_id=8"},"modified":"2026-01-19T15:02:12","modified_gmt":"2026-01-19T14:02:12","slug":"accueil-8","status":"publish","type":"page","link":"https:\/\/xavierderichemont.com\/es\/","title":{"rendered":"Inicio"},"content":{"rendered":"<p>[vc_row full_width=&#8221;stretch_row_content_no_spaces&#8221; el_id=&#8221;artist&#8221; css=&#8221;.vc_custom_1540391547514{border-bottom-width: 3px !important;padding-top: 0px !important;padding-bottom: 12px !important;background-color: #f7f7f7 !important;border-bottom-color: #f0f0f0 !important;border-bottom-style: solid !important;border-radius: 3px !important;}&#8221;][vc_column][vc_custom_heading text=&#8221;El artista&#8221; font_container=&#8221;tag:h1|font_size:30px|text_align:center|color:%23444444|line_height:35px&#8221; google_fonts=&#8221;font_family:Lora%3Aregular%2Citalic%2C700%2C700italic|font_style:400%20italic%3A400%3Aitalic&#8221;][\/vc_column][\/vc_row][vc_row][vc_column width=&#8221;2\/5&#8243;]<div class=\"photo_box \"><div class=\"image_frame\"><div class=\"image_wrapper\"><div class=\"mask\"><\/div><img decoding=\"async\" class=\"scale-with-grid\" src=\"https:\/\/i0.wp.com\/xavierderichemont.com\/wp-content\/uploads\/2021\/04\/Xavier_de_Richemont_2020-scaled.jpg?fit=1707%2C2560&#038;ssl=1\" alt=\"Inicio\" width=\"\" height=\"\"\/><\/div><\/div><div class=\"desc\">El artista : Xavier de Richemont<br \/>\ncr\u00e9dito : Colin Tunstall<\/div><\/div>\n[\/vc_column][vc_column width=&#8221;3\/5&#8243;][vc_column_text]<\/p>\n<div class=\"wpb_text_column wpb_content_element \">\n<div class=\"wpb_wrapper\">\n<p><strong>Xavier de Richemont<\/strong> es un artista visual y vide\u00f3grafo franc\u00e9s reconocido por sus proyecciones monumentales, hist\u00f3ricas y profundamente personales. Vive y trabaja en Angers, Francia.<br \/>\nEstudi\u00f3 Pintura en la \u00c9cole Nationale des Beaux-Arts de Aix-en-Provence (Francia). Ha trabajado en todo el mundo para \u00f3pera y danza, colaborando con artistas visuales como Robert (Bob) Wilson, David Salle y Andy de Groat.<\/p>\n<p>Durante 30 a\u00f1os, Xavier de Richemont ha creado proyecciones monumentales originales en todo el mundo.<\/p>\n<p>Sus primeras obras fueron dise\u00f1adas en Vend\u00e9e a partir de 1996 para el castillo de Talmont, donde cre\u00f3 un recorrido nocturno escenogr\u00e1fico centrado en el personaje de Ricardo Coraz\u00f3n de Le\u00f3n.<br \/>\nEn 2002, cre\u00f3 el primer <a href=\"https:\/\/xavierderichemont.com\/portfolio-item\/facade-royale-2007\/\">Festival de las Luces de Chartres<\/a> (Francia, <em>&#8220;Chartres en Lumi\u00e8res&#8221;<\/em>), donde fue el \u00fanico artista y director art\u00edstico durante 10 a\u00f1os.<br \/>\nEn 2010, el gobierno mexicano lo invit\u00f3 a conmemorar el <a href=\"https:\/\/xavierderichemont.com\/portfolio-item\/gotas-de-sangre\/\">bicentenario de la Independencia<\/a> y el centenario de la Revoluci\u00f3n Mexicana con su trabajo en siete ciudades emblem\u00e1ticas del pa\u00eds.<br \/>\nEn 2012, inaugur\u00f3 el Gran Museo del Mundo Maya en M\u00e9rida (M\u00e9xico) con <a href=\"https:\/\/xavierderichemont.com\/portfolio-item\/yucamayaab\/\"><em>&#8220;Yuca\u2019ma\u2019yab&#8221;<\/em>,<\/a> una obra fundacional sobre la civilizaci\u00f3n maya.<br \/>\nEn 2014, instal\u00f3 una obra importante en Estados Unidos: <em><a href=\"https:\/\/xavierderichemont.com\/portfolio-item\/san-antonio-the-saga\/\">&#8220;San Antonio \u2013 The Saga&#8221;<\/a><\/em>, una obra maestra creada para la catedral cat\u00f3lica m\u00e1s antigua de los Estados Unidos (San Antonio, Texas). Esta obra permanecer\u00e1 hasta 2034.<br \/>\nEn 2015, dise\u00f1\u00f3 un <a href=\"https:\/\/xavierderichemont.com\/portfolio-item\/bab-jdid\/\">fresco monumental en video<\/a> para el Rey de Marruecos en Marrakech. Ha participado en m\u00faltiples manifestaciones de arte contempor\u00e1neo en video en Estados Unidos, Canad\u00e1 y Alemania, especialmente en el marco de las Capitales Europeas de la Cultura (<a href=\"https:\/\/xavierderichemont.com\/portfolio-item\/le-joueur-de-sel\/\">Regi\u00f3n del Ruhr 2010<\/a>).<br \/>\nSu trilog\u00eda (2016\u20132018) sobre <a href=\"https:\/\/xavierderichemont.com\/portfolio-item\/jeanne-visages-universels\/\">Juana de Arco<\/a> para la ciudad de Orleans fue un\u00e1nimemente aclamada. En 2017, la Embajada de Francia en India le encarg\u00f3 una obra monumental para el Fuerte <a href=\"https:\/\/xavierderichemont.com\/portfolio-item\/bhargal\/\">Amber en Jaipur<\/a> (Rajast\u00e1n).<br \/>\nEn 2018 y 2019, cre\u00f3 una obra para el Museo Nacional del Renacimiento basada en las <a href=\"https:\/\/xavierderichemont.com\/portfolio-item\/aplanos-lhomme-de-fer\/\">colecciones del Castillo de \u00c9couen<\/a>, encargada por el Ministerio de Cultura de Francia.<\/p>\n<p>Para las Jornadas Europeas del Patrimonio en 2018 y de 2019 a 2023, cre\u00f3 una obra colosal sobre la historia de las f\u00e1bricas textiles de la <a href=\"https:\/\/xavierderichemont.com\/portfolio-item\/urbaxo-2020\/\">ciudad de Roubaix<\/a> (Francia).<br \/>\nEn 2019, el<a href=\"https:\/\/xavierderichemont.com\/portfolio-item\/martinez-memories\/\"> Grand H\u00f4tel Martinez<\/a> en Cannes le encarg\u00f3 celebrar el 90\u00ba aniversario de su construcci\u00f3n.<br \/>\nEn 2023, cre\u00f3 <a href=\"https:\/\/xavierderichemont.com\/portfolio-item\/la-maison-des-mondes-2023\/\"><em>&#8220;La Maison des Mondes&#8221;<\/em> <\/a>en Rochefort para conmemorar el centenario de Pierre Loti, seguido de una innovadora obra en los Andes del Norte para la ciudad de Cajamarca, Per\u00fa: <a href=\"https:\/\/xavierderichemont.com\/portfolio-item\/yuragachi\/\"><em>Yuragachi<\/em>.<\/a><\/p>\n<p>2024 es un a\u00f1o destacado, con la celebraci\u00f3n del 10\u00ba aniversario y la renovaci\u00f3n (hasta 2034) de su obra ic\u00f3nica en Estados Unidos: <a href=\"https:\/\/xavierderichemont.com\/portfolio-item\/san-antonio-the-saga\/\"><em>&#8220;San Antonio \u2013 The Saga&#8221;<\/em><\/a>, que ha atra\u00eddo a cientos de miles de espectadores.<br \/>\nEn mayo de 2024, cre\u00f3 <a href=\"https:\/\/xavierderichemont.com\/portfolio-item\/obispado\/\"><em>&#8220;Obispado&#8221;<\/em><\/a> para conmemorar los 200 a\u00f1os del estado de Nuevo Le\u00f3n en Monterrey (M\u00e9xico), seguido de dos obras originales en verano para castillos privados en Anjou (<a href=\"https:\/\/xavierderichemont.com\/portfolio-item\/le-chateau-merveilleux\/\">La Lorie<\/a>) y Turena (<a href=\"https:\/\/xavierderichemont.com\/portfolio-item\/boussay-1000-ans-une-histoire-de-famille\/\">Boussay<\/a>).<\/p>\n<p>Para 2025\/2026, est\u00e1 preparando varias obras monumentales para diferentes estados del este, sur y oeste de Estados Unidos, relacionadas principalmente con el 250\u00ba aniversario de la Independencia de 1776. Paralelamente, trabaja en la celebraci\u00f3n del 150\u00ba aniversario de la UCO (Universit\u00e9 Catholique de l\u2019Ouest) en Angers (Francia).<\/p>\n<p>Sus obras han sido expuestas permanentemente durante m\u00e1s de diez a\u00f1os en Estados Unidos, Espa\u00f1a y M\u00e9xico.<\/p>\n<p>El significado omnipresente en la obra de Xavier de Richemont es fundamental en la concepci\u00f3n de sus creaciones.<br \/>\nEl artista realiza una extensa investigaci\u00f3n in situ para nutrir sus proyectos de proyecciones monumentales, que se plasman en el dise\u00f1o gr\u00e1fico de cuadros de gran riqueza de contenido. Su estilo distintivo, caracterizado por trazos l\u00edricos, vibraciones, movimientos lentos, una profusi\u00f3n de texturas y la combinaci\u00f3n de formas, l\u00edneas y colores que fusionan abstracci\u00f3n y figuras, narraci\u00f3n y m\u00fasica, le es completamente propio. Este trabajo se compone y se proyecta en video.<\/p>\n<p>Su b\u00fasqueda de una nueva forma de escritura a trav\u00e9s de este medio contempor\u00e1neo, su experiencia en el escenario y su temperamento de pintor lo convierten en uno de los artistas de video franceses m\u00e1s solicitados en el mundo.<\/p>\n<p>Sigue sus novedades en redes sociales: <a href=\"https:\/\/www.instagram.com\/xavierderichemont\" target=\"_blank\" rel=\"noopener\">Instagram<\/a>, <a href=\"https:\/\/www.facebook.com\/xavierderichemont\" target=\"_blank\" rel=\"noopener\">Facebook<\/a> y <a href=\"https:\/\/www.youtube.com\/@XavierDeRichemont\" target=\"_blank\" rel=\"noopener\">YouTube<\/a>.<\/p>\n<\/div>\n<\/div>\n<p>[\/vc_column_text][\/vc_column][\/vc_row][vc_row el_id=&#8221;oeuvres&#8221; css=&#8221;.vc_custom_1540465892668{margin-top: 55px !important;}&#8221;][vc_column][vc_text_separator title=&#8221;\u00daltimos trabajos&#8221; border_width=&#8221;2&#8243; el_class=&#8221;latest&#8221;][vc_basic_grid post_type=&#8221;portfolio&#8221; max_items=&#8221;3&#8243; item=&#8221;1777&#8243; grid_id=&#8221;vc_gid:1768831312827-b6cf3f5a-1e3d-8&#8243; taxonomies=&#8221;11&#8243;][\/vc_column][\/vc_row][vc_row][vc_column width=&#8221;1\/3&#8243;][\/vc_column][vc_column width=&#8221;1\/3&#8243;][vc_btn title=&#8221;Ver todas las obras&#8221; style=&#8221;outline&#8221; color=&#8221;primary&#8221; size=&#8221;lg&#8221; align=&#8221;center&#8221; button_block=&#8221;true&#8221; link=&#8221;url:https%3A%2F%2Fxavierderichemont.com%2Fes%2Fpeinture-video%2F|||&#8221;][\/vc_column][vc_column width=&#8221;1\/3&#8243;][\/vc_column][\/vc_row]<\/p>\n","protected":false},"excerpt":{"rendered":"<p>[vc_row full_width=&#8221;stretch_row_content_no_spaces&#8221; el_id=&#8221;artist&#8221; css=&#8221;.vc_custom_1540391547514{border-bottom-width: 3px !important;padding-top: 0px !important;padding-bottom: 12px !important;background-color: #f7f7f7 !important;border-bottom-color: #f0f0f0 !important;border-bottom-style: solid !important;border-radius: 3px !important;}&#8221;][vc_column][vc_custom_heading text=&#8221;El artista&#8221; font_container=&#8221;tag:h1|font_size:30px|text_align:center|color:%23444444|line_height:35px&#8221; google_fonts=&#8221;font_family:Lora%3Aregular%2Citalic%2C700%2C700italic|font_style:400%20italic%3A400%3Aitalic&#8221;][\/vc_column][\/vc_row][vc_row][vc_column width=&#8221;2\/5&#8243;][\/vc_column][vc_column width=&#8221;3\/5&#8243;][vc_column_text] Xavier de<span class=\"excerpt-hellip\"> [\u2026]<\/span><\/p>\n","protected":false},"author":1,"featured_media":-1,"parent":0,"menu_order":1,"comment_status":"closed","ping_status":"closed","template":"","meta":{"_exactmetrics_skip_tracking":false,"_exactmetrics_sitenote_active":false,"_exactmetrics_sitenote_note":"","_exactmetrics_sitenote_category":0,"footnotes":""},"class_list":["post-8","page","type-page","status-publish","has-post-thumbnail","hentry"],"translation":{"provider":"WPGlobus","version":"3.0.2","language":"es","enabled_languages":["fr","en","es"],"languages":{"fr":{"title":true,"content":true,"excerpt":false},"en":{"title":true,"content":true,"excerpt":false},"es":{"title":true,"content":true,"excerpt":false}}},"jetpack_shortlink":"https:\/\/wp.me\/PaE78Y-8","jetpack_sharing_enabled":true,"_links":{"self":[{"href":"https:\/\/xavierderichemont.com\/es\/wp-json\/wp\/v2\/pages\/8","targetHints":{"allow":["GET"]}}],"collection":[{"href":"https:\/\/xavierderichemont.com\/es\/wp-json\/wp\/v2\/pages"}],"about":[{"href":"https:\/\/xavierderichemont.com\/es\/wp-json\/wp\/v2\/types\/page"}],"author":[{"embeddable":true,"href":"https:\/\/xavierderichemont.com\/es\/wp-json\/wp\/v2\/users\/1"}],"replies":[{"embeddable":true,"href":"https:\/\/xavierderichemont.com\/es\/wp-json\/wp\/v2\/comments?post=8"}],"version-history":[{"count":121,"href":"https:\/\/xavierderichemont.com\/es\/wp-json\/wp\/v2\/pages\/8\/revisions"}],"predecessor-version":[{"id":3477,"href":"https:\/\/xavierderichemont.com\/es\/wp-json\/wp\/v2\/pages\/8\/revisions\/3477"}],"wp:featuredmedia":[{"embeddable":true,"href":"https:\/\/xavierderichemont.com\/es\/wp-json\/"}],"wp:attachment":[{"href":"https:\/\/xavierderichemont.com\/es\/wp-json\/wp\/v2\/media?parent=8"}],"curies":[{"name":"wp","href":"https:\/\/api.w.org\/{rel}","templated":true}]}}