{"id":871,"date":"2018-10-16T12:24:35","date_gmt":"2018-10-16T10:24:35","guid":{"rendered":"http:\/\/xavierderichemont.com\/?page_id=871"},"modified":"2018-12-11T11:37:17","modified_gmt":"2018-12-11T10:37:17","slug":"signaletique-design","status":"publish","type":"page","link":"https:\/\/xavierderichemont.com\/es\/archives\/signaletique-design\/","title":{"rendered":"Carteles y dise\u00f1o"},"content":{"rendered":"<p>[vc_row disable_element=&#8221;yes&#8221;][vc_column]<div class=\"column_filters\"><div class=\"portfolio_wrapper isotope_wrapper \"><ul class=\"portfolio_group lm_wrapper isotope col-4 grid\"><li class=\"portfolio-item isotope-item category-signaletique-et-design  has-thumbnail\"><div class=\"portfolio-item-fw-bg\" style=\"\"><div class=\"portfolio-item-fill\"><\/div><div class=\"image_frame scale-with-grid\"><div class=\"image_wrapper\"><a href=\"https:\/\/xavierderichemont.com\/es\/portfolio-item\/mires\/\"><div class=\"mask\"><\/div><img loading=\"lazy\" decoding=\"async\" width=\"590\" height=\"394\" src=\"https:\/\/i0.wp.com\/xavierderichemont.com\/wp-content\/uploads\/2002\/10\/preview_nogent_stjean.jpg?resize=590%2C394&amp;ssl=1\" class=\"scale-with-grid wp-post-image\" alt=\"\" srcset=\"https:\/\/i0.wp.com\/xavierderichemont.com\/wp-content\/uploads\/2002\/10\/preview_nogent_stjean.jpg?w=590&amp;ssl=1 590w, https:\/\/i0.wp.com\/xavierderichemont.com\/wp-content\/uploads\/2002\/10\/preview_nogent_stjean.jpg?resize=300%2C200&amp;ssl=1 300w, https:\/\/i0.wp.com\/xavierderichemont.com\/wp-content\/uploads\/2002\/10\/preview_nogent_stjean.jpg?resize=219%2C146&amp;ssl=1 219w, https:\/\/i0.wp.com\/xavierderichemont.com\/wp-content\/uploads\/2002\/10\/preview_nogent_stjean.jpg?resize=50%2C33&amp;ssl=1 50w, https:\/\/i0.wp.com\/xavierderichemont.com\/wp-content\/uploads\/2002\/10\/preview_nogent_stjean.jpg?resize=112%2C75&amp;ssl=1 112w\" sizes=\"auto, (max-width:767px) 480px, 590px\" data-attachment-id=\"930\" data-permalink=\"https:\/\/xavierderichemont.com\/es\/portfolio-item\/mires\/attachment\/preview_nogent_stjean\/\" data-orig-file=\"https:\/\/i0.wp.com\/xavierderichemont.com\/wp-content\/uploads\/2002\/10\/preview_nogent_stjean.jpg?fit=590%2C394&amp;ssl=1\" data-orig-size=\"590,394\" data-comments-opened=\"1\" data-image-meta=\"{&quot;aperture&quot;:&quot;0&quot;,&quot;credit&quot;:&quot;&quot;,&quot;camera&quot;:&quot;&quot;,&quot;caption&quot;:&quot;&quot;,&quot;created_timestamp&quot;:&quot;0&quot;,&quot;copyright&quot;:&quot;&quot;,&quot;focal_length&quot;:&quot;0&quot;,&quot;iso&quot;:&quot;0&quot;,&quot;shutter_speed&quot;:&quot;0&quot;,&quot;title&quot;:&quot;&quot;,&quot;orientation&quot;:&quot;0&quot;}\" data-image-title=\"preview_nogent_stjean\" data-image-description=\"\" data-image-caption=\"\" data-large-file=\"https:\/\/i0.wp.com\/xavierderichemont.com\/wp-content\/uploads\/2002\/10\/preview_nogent_stjean.jpg?fit=590%2C394&amp;ssl=1\" \/><\/a><div class=\"image_links hover-title\"><a href=\"https:\/\/xavierderichemont.com\/es\/portfolio-item\/mires\/\">Mires, Ch\u00e2teau St Jean<\/a><\/div><\/div><\/div><div class=\"desc\"><div class=\"title_wrapper\"><h5 class=\"entry-title \" itemprop=\"headline\"><a class=\"link\" href=\"https:\/\/xavierderichemont.com\/es\/portfolio-item\/mires\/\">Mires, Ch\u00e2teau St Jean<\/a><\/h5><div class=\"button-love\"><\/div><\/div><div class=\"details-wrapper\"><dl><\/dl><\/div><div class=\"desc-wrapper\">Nogent-le-Rotrou, France Ch\u00e2teau St Jean 2002 &nbsp; &#8220;Mires&#8221; On n\u2019utilise pas l\u2019espace du Signal comme un simple support d\u2019\u00e9criture et d\u2019iconographie mais bien en le resituant<span class=\"excerpt-hellip\"> [\u2026]<\/span><\/div><\/div><\/div><\/li><li class=\"portfolio-item isotope-item category-signaletique-et-design  has-thumbnail\"><div class=\"portfolio-item-fw-bg\" style=\"\"><div class=\"portfolio-item-fill\"><\/div><div class=\"image_frame scale-with-grid\"><div class=\"image_wrapper\"><a href=\"https:\/\/xavierderichemont.com\/es\/portfolio-item\/mires-sentiers-de-treve-et-du-lomont\/\"><div class=\"mask\"><\/div><img loading=\"lazy\" decoding=\"async\" width=\"590\" height=\"394\" src=\"https:\/\/i0.wp.com\/xavierderichemont.com\/wp-content\/uploads\/2018\/10\/preview_vellerot.jpg?resize=590%2C394&amp;ssl=1\" class=\"scale-with-grid wp-post-image\" alt=\"\" srcset=\"https:\/\/i0.wp.com\/xavierderichemont.com\/wp-content\/uploads\/2018\/10\/preview_vellerot.jpg?w=590&amp;ssl=1 590w, https:\/\/i0.wp.com\/xavierderichemont.com\/wp-content\/uploads\/2018\/10\/preview_vellerot.jpg?resize=300%2C200&amp;ssl=1 300w, https:\/\/i0.wp.com\/xavierderichemont.com\/wp-content\/uploads\/2018\/10\/preview_vellerot.jpg?resize=219%2C146&amp;ssl=1 219w, https:\/\/i0.wp.com\/xavierderichemont.com\/wp-content\/uploads\/2018\/10\/preview_vellerot.jpg?resize=50%2C33&amp;ssl=1 50w, https:\/\/i0.wp.com\/xavierderichemont.com\/wp-content\/uploads\/2018\/10\/preview_vellerot.jpg?resize=112%2C75&amp;ssl=1 112w\" sizes=\"auto, (max-width:767px) 480px, 590px\" data-attachment-id=\"945\" data-permalink=\"https:\/\/xavierderichemont.com\/es\/portfolio-item\/mires-sentiers-de-treve-et-du-lomont\/attachment\/preview_vellerot\/\" data-orig-file=\"https:\/\/i0.wp.com\/xavierderichemont.com\/wp-content\/uploads\/2018\/10\/preview_vellerot.jpg?fit=590%2C394&amp;ssl=1\" data-orig-size=\"590,394\" data-comments-opened=\"1\" data-image-meta=\"{&quot;aperture&quot;:&quot;0&quot;,&quot;credit&quot;:&quot;&quot;,&quot;camera&quot;:&quot;&quot;,&quot;caption&quot;:&quot;&quot;,&quot;created_timestamp&quot;:&quot;0&quot;,&quot;copyright&quot;:&quot;&quot;,&quot;focal_length&quot;:&quot;0&quot;,&quot;iso&quot;:&quot;0&quot;,&quot;shutter_speed&quot;:&quot;0&quot;,&quot;title&quot;:&quot;&quot;,&quot;orientation&quot;:&quot;0&quot;}\" data-image-title=\"preview_vellerot\" data-image-description=\"\" data-image-caption=\"\" data-large-file=\"https:\/\/i0.wp.com\/xavierderichemont.com\/wp-content\/uploads\/2018\/10\/preview_vellerot.jpg?fit=590%2C394&amp;ssl=1\" \/><\/a><div class=\"image_links hover-title\"><a href=\"https:\/\/xavierderichemont.com\/es\/portfolio-item\/mires-sentiers-de-treve-et-du-lomont\/\">Mires, sentiers de Tr\u00e8ve et du Lomont<\/a><\/div><\/div><\/div><div class=\"desc\"><div class=\"title_wrapper\"><h5 class=\"entry-title \" itemprop=\"headline\"><a class=\"link\" href=\"https:\/\/xavierderichemont.com\/es\/portfolio-item\/mires-sentiers-de-treve-et-du-lomont\/\">Mires, sentiers de Tr\u00e8ve et du Lomont<\/a><\/h5><div class=\"button-love\"><\/div><\/div><div class=\"details-wrapper\"><dl><\/dl><\/div><div class=\"desc-wrapper\">Vellerot-les-Belvoir, France Sentiers de Tr\u00e8ve et du Lomont mars 2001 &nbsp; &#8220;Mires&#8221; Le mobilier cr\u00e9e pour le site doit pouvoir en int\u00e9grer les \u00e9l\u00e9ments sp\u00e9cifiques, en<span class=\"excerpt-hellip\"> [\u2026]<\/span><\/div><\/div><\/div><\/li><li class=\"portfolio-item isotope-item category-signaletique-et-design  has-thumbnail\"><div class=\"portfolio-item-fw-bg\" style=\"\"><div class=\"portfolio-item-fill\"><\/div><div class=\"image_frame scale-with-grid\"><div class=\"image_wrapper\"><a href=\"https:\/\/xavierderichemont.com\/es\/portfolio-item\/le-tronc-des-amis-de-la-cathedrale\/\"><div class=\"mask\"><\/div><img loading=\"lazy\" decoding=\"async\" width=\"590\" height=\"394\" src=\"https:\/\/i0.wp.com\/xavierderichemont.com\/wp-content\/uploads\/2018\/10\/preview_tronc.jpg?resize=590%2C394&amp;ssl=1\" class=\"scale-with-grid wp-post-image\" alt=\"\" srcset=\"https:\/\/i0.wp.com\/xavierderichemont.com\/wp-content\/uploads\/2018\/10\/preview_tronc.jpg?w=590&amp;ssl=1 590w, https:\/\/i0.wp.com\/xavierderichemont.com\/wp-content\/uploads\/2018\/10\/preview_tronc.jpg?resize=300%2C200&amp;ssl=1 300w, https:\/\/i0.wp.com\/xavierderichemont.com\/wp-content\/uploads\/2018\/10\/preview_tronc.jpg?resize=219%2C146&amp;ssl=1 219w, https:\/\/i0.wp.com\/xavierderichemont.com\/wp-content\/uploads\/2018\/10\/preview_tronc.jpg?resize=50%2C33&amp;ssl=1 50w, https:\/\/i0.wp.com\/xavierderichemont.com\/wp-content\/uploads\/2018\/10\/preview_tronc.jpg?resize=112%2C75&amp;ssl=1 112w\" sizes=\"auto, (max-width:767px) 480px, 590px\" data-attachment-id=\"953\" data-permalink=\"https:\/\/xavierderichemont.com\/es\/portfolio-item\/le-tronc-des-amis-de-la-cathedrale\/attachment\/preview_tronc\/\" data-orig-file=\"https:\/\/i0.wp.com\/xavierderichemont.com\/wp-content\/uploads\/2018\/10\/preview_tronc.jpg?fit=590%2C394&amp;ssl=1\" data-orig-size=\"590,394\" data-comments-opened=\"1\" data-image-meta=\"{&quot;aperture&quot;:&quot;0&quot;,&quot;credit&quot;:&quot;&quot;,&quot;camera&quot;:&quot;&quot;,&quot;caption&quot;:&quot;&quot;,&quot;created_timestamp&quot;:&quot;0&quot;,&quot;copyright&quot;:&quot;&quot;,&quot;focal_length&quot;:&quot;0&quot;,&quot;iso&quot;:&quot;0&quot;,&quot;shutter_speed&quot;:&quot;0&quot;,&quot;title&quot;:&quot;&quot;,&quot;orientation&quot;:&quot;0&quot;}\" data-image-title=\"preview_tronc\" data-image-description=\"\" data-image-caption=\"\" data-large-file=\"https:\/\/i0.wp.com\/xavierderichemont.com\/wp-content\/uploads\/2018\/10\/preview_tronc.jpg?fit=590%2C394&amp;ssl=1\" \/><\/a><div class=\"image_links hover-title\"><a href=\"https:\/\/xavierderichemont.com\/es\/portfolio-item\/le-tronc-des-amis-de-la-cathedrale\/\">Le tronc des Amis de la Cath\u00e9drale<\/a><\/div><\/div><\/div><div class=\"desc\"><div class=\"title_wrapper\"><h5 class=\"entry-title \" itemprop=\"headline\"><a class=\"link\" href=\"https:\/\/xavierderichemont.com\/es\/portfolio-item\/le-tronc-des-amis-de-la-cathedrale\/\">Le tronc des Amis de la Cath\u00e9drale<\/a><\/h5><div class=\"button-love\"><\/div><\/div><div class=\"details-wrapper\"><dl><\/dl><\/div><div class=\"desc-wrapper\">Chartres, France Cath\u00e9drale de Chartres 2000 &nbsp; &#8220;Le tronc des Amis de la Cath\u00e9drale&#8221; \u00c9l\u00e9ments compl\u00e9mentaires au tronc des amis de la Cat\u00e9drale de Chartres implant\u00e9<span class=\"excerpt-hellip\"> [\u2026]<\/span><\/div><\/div><\/div><\/li><li class=\"portfolio-item isotope-item category-signaletique-et-design  has-thumbnail\"><div class=\"portfolio-item-fw-bg\" style=\"\"><div class=\"portfolio-item-fill\"><\/div><div class=\"image_frame scale-with-grid\"><div class=\"image_wrapper\"><a href=\"https:\/\/xavierderichemont.com\/es\/portfolio-item\/clinique-de-lestree\/\"><div class=\"mask\"><\/div><img loading=\"lazy\" decoding=\"async\" width=\"590\" height=\"394\" src=\"https:\/\/i0.wp.com\/xavierderichemont.com\/wp-content\/uploads\/2018\/10\/preview_stains.jpg?resize=590%2C394&amp;ssl=1\" class=\"scale-with-grid wp-post-image\" alt=\"\" srcset=\"https:\/\/i0.wp.com\/xavierderichemont.com\/wp-content\/uploads\/2018\/10\/preview_stains.jpg?w=590&amp;ssl=1 590w, https:\/\/i0.wp.com\/xavierderichemont.com\/wp-content\/uploads\/2018\/10\/preview_stains.jpg?resize=300%2C200&amp;ssl=1 300w, https:\/\/i0.wp.com\/xavierderichemont.com\/wp-content\/uploads\/2018\/10\/preview_stains.jpg?resize=219%2C146&amp;ssl=1 219w, https:\/\/i0.wp.com\/xavierderichemont.com\/wp-content\/uploads\/2018\/10\/preview_stains.jpg?resize=50%2C33&amp;ssl=1 50w, https:\/\/i0.wp.com\/xavierderichemont.com\/wp-content\/uploads\/2018\/10\/preview_stains.jpg?resize=112%2C75&amp;ssl=1 112w\" sizes=\"auto, (max-width:767px) 480px, 590px\" data-attachment-id=\"928\" data-permalink=\"https:\/\/xavierderichemont.com\/es\/portfolio-item\/clinique-de-lestree\/attachment\/preview_stains\/\" data-orig-file=\"https:\/\/i0.wp.com\/xavierderichemont.com\/wp-content\/uploads\/2018\/10\/preview_stains.jpg?fit=590%2C394&amp;ssl=1\" data-orig-size=\"590,394\" data-comments-opened=\"1\" data-image-meta=\"{&quot;aperture&quot;:&quot;0&quot;,&quot;credit&quot;:&quot;&quot;,&quot;camera&quot;:&quot;&quot;,&quot;caption&quot;:&quot;&quot;,&quot;created_timestamp&quot;:&quot;0&quot;,&quot;copyright&quot;:&quot;&quot;,&quot;focal_length&quot;:&quot;0&quot;,&quot;iso&quot;:&quot;0&quot;,&quot;shutter_speed&quot;:&quot;0&quot;,&quot;title&quot;:&quot;&quot;,&quot;orientation&quot;:&quot;0&quot;}\" data-image-title=\"preview_stains\" data-image-description=\"\" data-image-caption=\"\" data-large-file=\"https:\/\/i0.wp.com\/xavierderichemont.com\/wp-content\/uploads\/2018\/10\/preview_stains.jpg?fit=590%2C394&amp;ssl=1\" \/><\/a><div class=\"image_links hover-title\"><a href=\"https:\/\/xavierderichemont.com\/es\/portfolio-item\/clinique-de-lestree\/\">Clinique de l&#8217;Estr\u00e9e<\/a><\/div><\/div><\/div><div class=\"desc\"><div class=\"title_wrapper\"><h5 class=\"entry-title \" itemprop=\"headline\"><a class=\"link\" href=\"https:\/\/xavierderichemont.com\/es\/portfolio-item\/clinique-de-lestree\/\">Clinique de l&#8217;Estr\u00e9e<\/a><\/h5><div class=\"button-love\"><\/div><\/div><div class=\"details-wrapper\"><dl><\/dl><\/div><div class=\"desc-wrapper\">Stains, France Clinique de l&#8217;Estr\u00e9e 1996 &#8211; 2006 &nbsp; Am\u00e9nagement du hall d&#8217;entr\u00e9e et des espaces publics Clinique de L\u2019Estr\u00e9e construction, extension sur\u00e9l\u00e9vation : la mission<span class=\"excerpt-hellip\"> [\u2026]<\/span><\/div><\/div><\/div><\/li><li class=\"portfolio-item isotope-item category-signaletique-et-design  has-thumbnail\"><div class=\"portfolio-item-fw-bg\" style=\"\"><div class=\"portfolio-item-fill\"><\/div><div class=\"image_frame scale-with-grid\"><div class=\"image_wrapper\"><a href=\"https:\/\/xavierderichemont.com\/es\/portfolio-item\/clinique-st-francois\/\"><div class=\"mask\"><\/div><img loading=\"lazy\" decoding=\"async\" width=\"590\" height=\"394\" src=\"https:\/\/i0.wp.com\/xavierderichemont.com\/wp-content\/uploads\/2018\/10\/preview_stfrancois.jpg?resize=590%2C394&amp;ssl=1\" class=\"scale-with-grid wp-post-image\" alt=\"\" srcset=\"https:\/\/i0.wp.com\/xavierderichemont.com\/wp-content\/uploads\/2018\/10\/preview_stfrancois.jpg?w=590&amp;ssl=1 590w, https:\/\/i0.wp.com\/xavierderichemont.com\/wp-content\/uploads\/2018\/10\/preview_stfrancois.jpg?resize=300%2C200&amp;ssl=1 300w, https:\/\/i0.wp.com\/xavierderichemont.com\/wp-content\/uploads\/2018\/10\/preview_stfrancois.jpg?resize=219%2C146&amp;ssl=1 219w, https:\/\/i0.wp.com\/xavierderichemont.com\/wp-content\/uploads\/2018\/10\/preview_stfrancois.jpg?resize=50%2C33&amp;ssl=1 50w, https:\/\/i0.wp.com\/xavierderichemont.com\/wp-content\/uploads\/2018\/10\/preview_stfrancois.jpg?resize=112%2C75&amp;ssl=1 112w\" sizes=\"auto, (max-width:767px) 480px, 590px\" data-attachment-id=\"962\" data-permalink=\"https:\/\/xavierderichemont.com\/es\/portfolio-item\/clinique-st-francois\/attachment\/preview_stfrancois\/\" data-orig-file=\"https:\/\/i0.wp.com\/xavierderichemont.com\/wp-content\/uploads\/2018\/10\/preview_stfrancois.jpg?fit=590%2C394&amp;ssl=1\" data-orig-size=\"590,394\" data-comments-opened=\"1\" data-image-meta=\"{&quot;aperture&quot;:&quot;0&quot;,&quot;credit&quot;:&quot;&quot;,&quot;camera&quot;:&quot;&quot;,&quot;caption&quot;:&quot;&quot;,&quot;created_timestamp&quot;:&quot;0&quot;,&quot;copyright&quot;:&quot;&quot;,&quot;focal_length&quot;:&quot;0&quot;,&quot;iso&quot;:&quot;0&quot;,&quot;shutter_speed&quot;:&quot;0&quot;,&quot;title&quot;:&quot;&quot;,&quot;orientation&quot;:&quot;0&quot;}\" data-image-title=\"preview_stfrancois\" data-image-description=\"\" data-image-caption=\"\" data-large-file=\"https:\/\/i0.wp.com\/xavierderichemont.com\/wp-content\/uploads\/2018\/10\/preview_stfrancois.jpg?fit=590%2C394&amp;ssl=1\" \/><\/a><div class=\"image_links hover-title\"><a href=\"https:\/\/xavierderichemont.com\/es\/portfolio-item\/clinique-st-francois\/\">Clinique St Fran\u00e7ois<\/a><\/div><\/div><\/div><div class=\"desc\"><div class=\"title_wrapper\"><h5 class=\"entry-title \" itemprop=\"headline\"><a class=\"link\" href=\"https:\/\/xavierderichemont.com\/es\/portfolio-item\/clinique-st-francois\/\">Clinique St Fran\u00e7ois<\/a><\/h5><div class=\"button-love\"><\/div><\/div><div class=\"details-wrapper\"><dl><\/dl><\/div><div class=\"desc-wrapper\">Chartres, France Clinique St Fran\u00e7ois 1994 &nbsp; Hall d&#8217;entr\u00e9e et des espaces publics Traitement couleur et mati\u00e8re des espaces publics, \u00e9l\u00e9ments mobiliers, luminaire et charte couleur.<\/div><\/div><\/div><\/li><li class=\"portfolio-item isotope-item category-signaletique-et-design  has-thumbnail\"><div class=\"portfolio-item-fw-bg\" style=\"\"><div class=\"portfolio-item-fill\"><\/div><div class=\"image_frame scale-with-grid\"><div class=\"image_wrapper\"><a href=\"https:\/\/xavierderichemont.com\/es\/portfolio-item\/les-petits-debrouillards\/\"><div class=\"mask\"><\/div><img loading=\"lazy\" decoding=\"async\" width=\"590\" height=\"394\" src=\"https:\/\/i0.wp.com\/xavierderichemont.com\/wp-content\/uploads\/2018\/10\/preview_debrouillards.jpg?resize=590%2C394&amp;ssl=1\" class=\"scale-with-grid wp-post-image\" alt=\"\" srcset=\"https:\/\/i0.wp.com\/xavierderichemont.com\/wp-content\/uploads\/2018\/10\/preview_debrouillards.jpg?w=590&amp;ssl=1 590w, https:\/\/i0.wp.com\/xavierderichemont.com\/wp-content\/uploads\/2018\/10\/preview_debrouillards.jpg?resize=300%2C200&amp;ssl=1 300w, https:\/\/i0.wp.com\/xavierderichemont.com\/wp-content\/uploads\/2018\/10\/preview_debrouillards.jpg?resize=219%2C146&amp;ssl=1 219w, https:\/\/i0.wp.com\/xavierderichemont.com\/wp-content\/uploads\/2018\/10\/preview_debrouillards.jpg?resize=50%2C33&amp;ssl=1 50w, https:\/\/i0.wp.com\/xavierderichemont.com\/wp-content\/uploads\/2018\/10\/preview_debrouillards.jpg?resize=112%2C75&amp;ssl=1 112w\" sizes=\"auto, (max-width:767px) 480px, 590px\" data-attachment-id=\"966\" data-permalink=\"https:\/\/xavierderichemont.com\/es\/portfolio-item\/les-petits-debrouillards\/attachment\/preview_debrouillards\/\" data-orig-file=\"https:\/\/i0.wp.com\/xavierderichemont.com\/wp-content\/uploads\/2018\/10\/preview_debrouillards.jpg?fit=590%2C394&amp;ssl=1\" data-orig-size=\"590,394\" data-comments-opened=\"1\" data-image-meta=\"{&quot;aperture&quot;:&quot;0&quot;,&quot;credit&quot;:&quot;&quot;,&quot;camera&quot;:&quot;&quot;,&quot;caption&quot;:&quot;&quot;,&quot;created_timestamp&quot;:&quot;0&quot;,&quot;copyright&quot;:&quot;&quot;,&quot;focal_length&quot;:&quot;0&quot;,&quot;iso&quot;:&quot;0&quot;,&quot;shutter_speed&quot;:&quot;0&quot;,&quot;title&quot;:&quot;&quot;,&quot;orientation&quot;:&quot;0&quot;}\" data-image-title=\"preview_debrouillards\" data-image-description=\"\" data-image-caption=\"\" data-large-file=\"https:\/\/i0.wp.com\/xavierderichemont.com\/wp-content\/uploads\/2018\/10\/preview_debrouillards.jpg?fit=590%2C394&amp;ssl=1\" \/><\/a><div class=\"image_links hover-title\"><a href=\"https:\/\/xavierderichemont.com\/es\/portfolio-item\/les-petits-debrouillards\/\">Les petits d\u00e9brouillards<\/a><\/div><\/div><\/div><div class=\"desc\"><div class=\"title_wrapper\"><h5 class=\"entry-title \" itemprop=\"headline\"><a class=\"link\" href=\"https:\/\/xavierderichemont.com\/es\/portfolio-item\/les-petits-debrouillards\/\">Les petits d\u00e9brouillards<\/a><\/h5><div class=\"button-love\"><\/div><\/div><div class=\"details-wrapper\"><dl><\/dl><\/div><div class=\"desc-wrapper\">Paris, France Cit\u00e9 des Sciences et de l&#8217;Industrie 1992 &nbsp; Grande galerie Explora &#8220;Les petits d\u00e9brouillards&#8221; espaces d\u2019animation, deux \u00e9l\u00e9ments originaux. Mobiliers con\u00e7us pour des animations<span class=\"excerpt-hellip\"> [\u2026]<\/span><\/div><\/div><\/div><\/li><li class=\"portfolio-item isotope-item category-signaletique-et-design  has-thumbnail\"><div class=\"portfolio-item-fw-bg\" style=\"\"><div class=\"portfolio-item-fill\"><\/div><div class=\"image_frame scale-with-grid\"><div class=\"image_wrapper\"><a href=\"https:\/\/xavierderichemont.com\/es\/portfolio-item\/maison-de-la-culture-amiens\/\"><div class=\"mask\"><\/div><img loading=\"lazy\" decoding=\"async\" width=\"590\" height=\"394\" src=\"https:\/\/i0.wp.com\/xavierderichemont.com\/wp-content\/uploads\/2018\/10\/preview_amiens.jpg?resize=590%2C394&amp;ssl=1\" class=\"scale-with-grid wp-post-image\" alt=\"\" srcset=\"https:\/\/i0.wp.com\/xavierderichemont.com\/wp-content\/uploads\/2018\/10\/preview_amiens.jpg?w=590&amp;ssl=1 590w, https:\/\/i0.wp.com\/xavierderichemont.com\/wp-content\/uploads\/2018\/10\/preview_amiens.jpg?resize=300%2C200&amp;ssl=1 300w, https:\/\/i0.wp.com\/xavierderichemont.com\/wp-content\/uploads\/2018\/10\/preview_amiens.jpg?resize=219%2C146&amp;ssl=1 219w, https:\/\/i0.wp.com\/xavierderichemont.com\/wp-content\/uploads\/2018\/10\/preview_amiens.jpg?resize=50%2C33&amp;ssl=1 50w, https:\/\/i0.wp.com\/xavierderichemont.com\/wp-content\/uploads\/2018\/10\/preview_amiens.jpg?resize=112%2C75&amp;ssl=1 112w\" sizes=\"auto, (max-width:767px) 480px, 590px\" data-attachment-id=\"964\" data-permalink=\"https:\/\/xavierderichemont.com\/es\/portfolio-item\/maison-de-la-culture-amiens\/attachment\/preview_amiens\/\" data-orig-file=\"https:\/\/i0.wp.com\/xavierderichemont.com\/wp-content\/uploads\/2018\/10\/preview_amiens.jpg?fit=590%2C394&amp;ssl=1\" data-orig-size=\"590,394\" data-comments-opened=\"1\" data-image-meta=\"{&quot;aperture&quot;:&quot;0&quot;,&quot;credit&quot;:&quot;&quot;,&quot;camera&quot;:&quot;&quot;,&quot;caption&quot;:&quot;&quot;,&quot;created_timestamp&quot;:&quot;0&quot;,&quot;copyright&quot;:&quot;&quot;,&quot;focal_length&quot;:&quot;0&quot;,&quot;iso&quot;:&quot;0&quot;,&quot;shutter_speed&quot;:&quot;0&quot;,&quot;title&quot;:&quot;&quot;,&quot;orientation&quot;:&quot;0&quot;}\" data-image-title=\"preview_amiens\" data-image-description=\"\" data-image-caption=\"\" data-large-file=\"https:\/\/i0.wp.com\/xavierderichemont.com\/wp-content\/uploads\/2018\/10\/preview_amiens.jpg?fit=590%2C394&amp;ssl=1\" \/><\/a><div class=\"image_links hover-title\"><a href=\"https:\/\/xavierderichemont.com\/es\/portfolio-item\/maison-de-la-culture-amiens\/\">Maison de la culture, Amiens<\/a><\/div><\/div><\/div><div class=\"desc\"><div class=\"title_wrapper\"><h5 class=\"entry-title \" itemprop=\"headline\"><a class=\"link\" href=\"https:\/\/xavierderichemont.com\/es\/portfolio-item\/maison-de-la-culture-amiens\/\">Maison de la culture, Amiens<\/a><\/h5><div class=\"button-love\"><\/div><\/div><div class=\"details-wrapper\"><dl><\/dl><\/div><div class=\"desc-wrapper\">Amiens, France Maison de la culture 1992 &nbsp; Prototype de fauteuil pour la grande salle Prototype d\u2019un fauteuil de th\u00e9atre en multipli moul\u00e9 placage merisier, structures<span class=\"excerpt-hellip\"> [\u2026]<\/span><\/div><\/div><\/div><\/li><\/ul><\/div>\n<\/div>\n[\/vc_column][\/vc_row][vc_row][vc_column][vc_basic_grid post_type=&#8221;portfolio&#8221; max_items=&#8221;200&#8243; item=&#8221;1919&#8243; grid_id=&#8221;vc_gid:1544524455791-ee40972b-0c88-5&#8243; taxonomies=&#8221;4&#8243;][\/vc_column][\/vc_row]<\/p>\n","protected":false},"excerpt":{"rendered":"<p>[vc_row disable_element=&#8221;yes&#8221;][vc_column][\/vc_column][\/vc_row][vc_row][vc_column][vc_basic_grid post_type=&#8221;portfolio&#8221; max_items=&#8221;200&#8243; item=&#8221;1919&#8243; grid_id=&#8221;vc_gid:1544524455791-ee40972b-0c88-5&#8243; taxonomies=&#8221;4&#8243;][\/vc_column][\/vc_row]<\/p>\n","protected":false},"author":1,"featured_media":0,"parent":17,"menu_order":0,"comment_status":"closed","ping_status":"closed","template":"","meta":{"_exactmetrics_skip_tracking":false,"_exactmetrics_sitenote_active":false,"_exactmetrics_sitenote_note":"","_exactmetrics_sitenote_category":0,"footnotes":""},"class_list":["post-871","page","type-page","status-publish","hentry"],"translation":{"provider":"WPGlobus","version":"3.0.2","language":"es","enabled_languages":["fr","en","es"],"languages":{"fr":{"title":true,"content":true,"excerpt":false},"en":{"title":true,"content":true,"excerpt":false},"es":{"title":true,"content":true,"excerpt":false}}},"jetpack_shortlink":"https:\/\/wp.me\/PaE78Y-e3","jetpack_sharing_enabled":true,"_links":{"self":[{"href":"https:\/\/xavierderichemont.com\/es\/wp-json\/wp\/v2\/pages\/871","targetHints":{"allow":["GET"]}}],"collection":[{"href":"https:\/\/xavierderichemont.com\/es\/wp-json\/wp\/v2\/pages"}],"about":[{"href":"https:\/\/xavierderichemont.com\/es\/wp-json\/wp\/v2\/types\/page"}],"author":[{"embeddable":true,"href":"https:\/\/xavierderichemont.com\/es\/wp-json\/wp\/v2\/users\/1"}],"replies":[{"embeddable":true,"href":"https:\/\/xavierderichemont.com\/es\/wp-json\/wp\/v2\/comments?post=871"}],"version-history":[{"count":14,"href":"https:\/\/xavierderichemont.com\/es\/wp-json\/wp\/v2\/pages\/871\/revisions"}],"predecessor-version":[{"id":2108,"href":"https:\/\/xavierderichemont.com\/es\/wp-json\/wp\/v2\/pages\/871\/revisions\/2108"}],"up":[{"embeddable":true,"href":"https:\/\/xavierderichemont.com\/es\/wp-json\/wp\/v2\/pages\/17"}],"wp:attachment":[{"href":"https:\/\/xavierderichemont.com\/es\/wp-json\/wp\/v2\/media?parent=871"}],"curies":[{"name":"wp","href":"https:\/\/api.w.org\/{rel}","templated":true}]}}